{"id":35802,"date":"2023-12-07T11:22:44","date_gmt":"2023-12-07T10:22:44","guid":{"rendered":"https:\/\/oprdg.iotasolutions.fr\/terms-and-conditions-of-sale\/"},"modified":"2025-06-21T11:21:20","modified_gmt":"2025-06-21T09:21:20","slug":"terms-and-conditions-of-sale","status":"publish","type":"page","link":"https:\/\/optitreperedugout.fr\/en\/terms-and-conditions-of-sale\/","title":{"rendered":"Terms and conditions of sale"},"content":{"rendered":"\t\t<div data-elementor-type=\"wp-page\" data-elementor-id=\"35802\" class=\"elementor elementor-35802 elementor-31603\" data-elementor-post-type=\"page\">\n\t\t\t\t\t\t<section class=\"elementor-section elementor-top-section elementor-element elementor-element-509de5f elementor-section-height-min-height elementor-section-items-top elementor-section-boxed elementor-section-height-default\" data-id=\"509de5f\" data-element_type=\"section\" data-e-type=\"section\">\n\t\t\t\t\t\t<div class=\"elementor-container elementor-column-gap-default\">\n\t\t\t\t\t<div class=\"elementor-column elementor-col-100 elementor-top-column elementor-element elementor-element-0ad4b24\" data-id=\"0ad4b24\" data-element_type=\"column\" data-e-type=\"column\">\n\t\t\t<div class=\"elementor-widget-wrap elementor-element-populated\">\n\t\t\t\t\t\t<div class=\"elementor-element elementor-element-9796146 elementor-widget elementor-widget-heading\" data-id=\"9796146\" data-element_type=\"widget\" data-e-type=\"widget\" data-widget_type=\"heading.default\">\n\t\t\t\t<div class=\"elementor-widget-container\">\n\t\t\t\t\t<h2 class=\"elementor-heading-title elementor-size-default\">Terms and conditions of sale.<\/h2>\t\t\t\t<\/div>\n\t\t\t\t<\/div>\n\t\t\t\t<div class=\"elementor-element elementor-element-a353af0 elementor-widget elementor-widget-text-editor\" data-id=\"a353af0\" data-element_type=\"widget\" data-e-type=\"widget\" data-widget_type=\"text-editor.default\">\n\t\t\t\t<div class=\"elementor-widget-container\">\n\t\t\t\t\t\t\t\t\t<p><strong>Effective from 01\/12\/2024<\/strong><\/p><h3><strong>ARTICLE 1 &#8211; Scope of application<\/strong><\/h3><p>These General Terms and Conditions of Sale (the &#8220;GTCS&#8221;) apply, without restriction or reservation, to all sales made by SARL <strong>FELMANN BIS (\u00d4 P&#8217;tit Rep\u00e8re Du Go\u00fbt)<\/strong> <br><br>, registered with the Dijon Trade and Companies Register under number 529592768 and having its registered office at <strong>8 Rue des Vieilles Carri\u00e8res, 21410 Fleurey-sur-Ouche<\/strong> (also referred to as &#8220;the Vendor&#8221;) to non-professional buyers (&#8220;Customers&#8221;) wishing to purchase the products offered for sale on the website <strong>https:\/\/www.optitreperedugout.fr\/<\/strong> (&#8220;The Site&#8221;).<\/p><p>The purpose of the Site is&nbsp;:<\/p><ul><li>Marketing of food products and beverages (alcoholic and non-alcoholic),<\/li><li>Disseminating information about the company&#8217;s activities,<\/li><li>Access to a virtual space allowing customers to exchange information with the Company.<\/li><\/ul><p>The essential characteristics of the products are detailed on the Site. The customer acknowledges having read them before placing an order.<br>Product offers are valid while stocks last.<br>Acceptance of these General Terms and Conditions of Sale is mandatory for any order placed on the Site. <\/p><h3><strong>ARTICLE 2 &#8211; Prices<\/strong><\/h3><p>Prices are expressed in Euros and include VAT. They are firm and non-revisable during their period of validity, but the Vendor reserves the right to modify them outside this period. <\/p><p>The prices displayed do not include the costs of processing, shipping, transport and delivery, which are invoiced in addition.<br>An invoice is drawn up and given to the Customer upon delivery.<\/p><h3><strong>ARTICLE 3 &#8211; Orders<\/strong><\/h3><p>The customer selects the products of his choice on the Site, adds them to his basket, then validates his order after accepting the GTCS. The order becomes final once payment has been confirmed. <\/p><p>The Vendor reserves the right to cancel any order in the event of a previous unresolved dispute.<br>Customers can track the progress of their order from their personal space on the Site.<\/p><h3><strong>ARTICLE 4 &#8211; Terms of payment<\/strong><\/h3><p>Payment is due at the time of order, by credit card via a secure payment system.<br>The Vendor will only deliver the products once payment has been received.<\/p><h3><strong>ARTICLE 5 &#8211; Deliveries<\/strong><\/h3><p>Deliveries are made within 7 days in mainland France. In the event of a delay of more than 30 days, the customer may request cancellation of the order. <\/p><p>The customer must check the condition of the products on receipt and report any anomaly within 48 hours.<\/p><h3><strong>ARTICLE 6 &#8211; Right of withdrawal<\/strong><\/h3><p>Customers have 14 days to exercise their right of withdrawal. Products must be returned in perfect condition. The customer is responsible for return shipping costs.  <\/p><h3><strong>ARTICLE 7 &#8211; General Terms and Conditions for the Use of Gift Certificates<\/strong><\/h3><ol><li>Validity and use<br>This gift voucher is valid for one year from the date of purchase. It is expressly agreed that this voucher cannot be extended or reimbursed, even in the event of non-use during the validity period. \u00d4 P&#8217;tit Rep\u00e8re du Go\u00fbt will not be held liable for any reimbursement, change or exchange of any kind whatsoever. Furthermore, the voucher may not be used on public holidays.   <\/li><\/ol><ol start=\"2\"><li>Amount greater than the gift voucher<br>If the total amount of consumption exceeds the value of the gift voucher, the beneficiary must pay the difference by any means of payment accepted by \u00d4 P&#8217;tit Rep\u00e8re du Go\u00fbt.<\/li><\/ol><ol start=\"3\"><li>Partial use of the gift voucher<br>In the event of partial use of the gift voucher, no refund or exchange will be made for the unused portion. The remaining balance must be used before the end of the gift voucher&#8217;s validity period. <\/li><\/ol><ol start=\"4\"><li>Fraud and counterfeiting<br>Any fraudulent use of the gift voucher or any attempt to counterfeit it may result in legal action.<\/li><\/ol><ol start=\"5\"><li>Changes to conditions<br>\u00d4 <strong>P&#8217;tit Rep\u00e8re du Go\u00fbt<\/strong> reserves the right to modify these terms and conditions of use at any time without notice. The applicable conditions are those in force at the date of purchase of the gift voucher. The beneficiary of the gift voucher is invited to regularly consult these conditions in order to take note of any possible modification.  <\/li><\/ol><h3><strong>ARTICLE 8 &#8211; Personal data<\/strong><\/h3><p>The Vendor collects personal data in order to manage orders and deliveries. This data will not be passed on to third parties for advertising purposes.<br>Customers may exercise their right to consult, modify or delete their data by contacting the Vendor. <\/p><h3><strong>ARTICLE 9 &#8211; Intellectual property<\/strong><\/h3><p>The content of the Site is protected by intellectual property law. Reproduction in whole or in part is prohibited. <\/p><h3><strong>ARTICLE 10 &#8211; Applicable law and disputes<\/strong><\/h3><p>These GCS are governed by French law. In the event of a dispute, the Customer may have recourse to a mediator or refer the matter to the competent courts.<br>Mediator: <strong>Association Nationale des M\u00e9diateurs (ANM), 2 rue de Colmar, 94300 Vincennes<\/strong> &#8211; <a href=\"http:\/\/www.anm-conso.com\">https:\/\/www.anm-conso.com.<\/a><br>Plateforme RLL: https: <a href=\"https:\/\/webgate.ec.europa.eu\/odr\">\/\/webgate.ec.europa.eu\/odr.<\/a><br>If you have any questions, please contact <strong>contact@optitreperedugout.com<\/strong> or call <strong>03 80 41 30 92<\/strong>. <\/p>\t\t\t\t\t\t\t\t<\/div>\n\t\t\t\t<\/div>\n\t\t\t\t\t<\/div>\n\t\t<\/div>\n\t\t\t\t\t<\/div>\n\t\t<\/section>\n\t\t\t\t<\/div>","protected":false},"excerpt":{"rendered":"<p>Terms and conditions of sale. Effective from 01\/12\/2024 ARTICLE 1 &#8211; Scope of application These General Terms and Conditions of Sale (the &#8220;GTCS&#8221;) apply, without restriction or reservation, to all sales made by SARL FELMANN BIS (\u00d4 P&#8217;tit Rep\u00e8re Du Go\u00fbt) , registered with the Dijon Trade and Companies Register under number 529592768 and having &#8230; <a title=\"Terms and conditions of sale\" class=\"read-more\" href=\"https:\/\/optitreperedugout.fr\/en\/terms-and-conditions-of-sale\/\" aria-label=\"Read more about Terms and conditions of sale\">Read more<\/a><\/p>","protected":false},"author":2,"featured_media":0,"parent":0,"menu_order":4,"comment_status":"closed","ping_status":"closed","template":"elementor_header_footer","meta":{"_acf_changed":false,"footnotes":""},"class_list":["post-35802","page","type-page","status-publish"],"acf":[],"_links":{"self":[{"href":"https:\/\/optitreperedugout.fr\/en\/wp-json\/wp\/v2\/pages\/35802","targetHints":{"allow":["GET"]}}],"collection":[{"href":"https:\/\/optitreperedugout.fr\/en\/wp-json\/wp\/v2\/pages"}],"about":[{"href":"https:\/\/optitreperedugout.fr\/en\/wp-json\/wp\/v2\/types\/page"}],"author":[{"embeddable":true,"href":"https:\/\/optitreperedugout.fr\/en\/wp-json\/wp\/v2\/users\/2"}],"replies":[{"embeddable":true,"href":"https:\/\/optitreperedugout.fr\/en\/wp-json\/wp\/v2\/comments?post=35802"}],"version-history":[{"count":0,"href":"https:\/\/optitreperedugout.fr\/en\/wp-json\/wp\/v2\/pages\/35802\/revisions"}],"wp:attachment":[{"href":"https:\/\/optitreperedugout.fr\/en\/wp-json\/wp\/v2\/media?parent=35802"}],"curies":[{"name":"wp","href":"https:\/\/api.w.org\/{rel}","templated":true}]}}